{"id":1856,"date":"2026-03-18T12:17:56","date_gmt":"2026-03-18T11:17:56","guid":{"rendered":"https:\/\/www.arbolesydisenos.com\/?post_type=product&#038;p=1856"},"modified":"2026-03-24T11:54:49","modified_gmt":"2026-03-24T10:54:49","slug":"olivo-uv-180-bola-verde","status":"publish","type":"product","link":"https:\/\/www.arbolesydisenos.com\/index.php\/producto\/olivo-uv-180-bola-verde\/","title":{"rendered":"OLIVO UV 180 BOLA VERDE"},"content":{"rendered":"<p>Elaborado a mano con <strong>troncos r\u00fasticos<\/strong> o <strong>madera natural<\/strong>,<\/p>\n<p>Sus hojas <strong>de poli\u00e9ster y polipropileno<\/strong> ofrecen gran resistencia y un <strong>acabado muy realista<\/strong>, sin necesidad de mantenimiento.<\/p>\n<p><strong>Cada \u00e1rbol es una pieza exclusiva<\/strong>, <strong>dise\u00f1ada <\/strong>y montada <strong>individualmente<\/strong>, por lo que <strong>no hay dos iguales<\/strong>. Esto aporta un valor a\u00f1adido a tu espacio, convirti\u00e9ndolo en un elemento decorativo distintivo y elegante.<\/p>\n","protected":false},"excerpt":{"rendered":"<p>Contacta con nosotros y consulta nuestras tarifas exclusivas para profesionales.<\/p>\n","protected":false},"featured_media":1857,"template":"","meta":[],"product_brand":[],"product_cat":[28],"product_tag":[],"class_list":{"0":"post-1856","1":"product","2":"type-product","3":"status-publish","4":"has-post-thumbnail","6":"product_cat-arboles-artificiales-exterior","8":"first","9":"instock","10":"shipping-taxable","11":"purchasable","12":"product-type-simple"},"yoast_head":"<!-- This site is optimized with the Yoast SEO plugin v27.3 - https:\/\/yoast.com\/product\/yoast-seo-wordpress\/ -->\n<title>OLIVO UV 180 BOLA VERDE - Arboles y Dise\u00f1os<\/title>\n<meta name=\"robots\" content=\"index, follow, max-snippet:-1, max-image-preview:large, max-video-preview:-1\" \/>\n<link rel=\"canonical\" href=\"https:\/\/www.arbolesydisenos.com\/index.php\/producto\/olivo-uv-180-bola-verde\/\" \/>\n<meta property=\"og:locale\" content=\"es_ES\" \/>\n<meta property=\"og:type\" content=\"article\" \/>\n<meta property=\"og:title\" content=\"OLIVO UV 180 BOLA VERDE - Arboles y Dise\u00f1os\" \/>\n<meta property=\"og:description\" content=\"Contacta con nosotros y consulta nuestras tarifas exclusivas para profesionales.\" \/>\n<meta property=\"og:url\" content=\"https:\/\/www.arbolesydisenos.com\/index.php\/producto\/olivo-uv-180-bola-verde\/\" \/>\n<meta property=\"og:site_name\" content=\"Arboles y Dise\u00f1os\" \/>\n<meta property=\"article:modified_time\" content=\"2026-03-24T10:54:49+00:00\" \/>\n<meta property=\"og:image\" content=\"https:\/\/www.arbolesydisenos.com\/wp-content\/uploads\/2026\/03\/311OLI180BV.png\" \/>\n\t<meta property=\"og:image:width\" content=\"1024\" \/>\n\t<meta property=\"og:image:height\" content=\"1280\" \/>\n\t<meta property=\"og:image:type\" content=\"image\/png\" \/>\n<meta name=\"twitter:card\" content=\"summary_large_image\" \/>\n<meta name=\"twitter:label1\" content=\"Tiempo de lectura\" \/>\n\t<meta name=\"twitter:data1\" content=\"1 minuto\" \/>\n<script type=\"application\/ld+json\" class=\"yoast-schema-graph\">{\"@context\":\"https:\\\/\\\/schema.org\",\"@graph\":[{\"@type\":\"WebPage\",\"@id\":\"https:\\\/\\\/www.arbolesydisenos.com\\\/index.php\\\/producto\\\/olivo-uv-180-bola-verde\\\/\",\"url\":\"https:\\\/\\\/www.arbolesydisenos.com\\\/index.php\\\/producto\\\/olivo-uv-180-bola-verde\\\/\",\"name\":\"OLIVO UV 180 BOLA VERDE - Arboles y Dise\u00f1os\",\"isPartOf\":{\"@id\":\"https:\\\/\\\/www.arbolesydisenos.com\\\/#website\"},\"primaryImageOfPage\":{\"@id\":\"https:\\\/\\\/www.arbolesydisenos.com\\\/index.php\\\/producto\\\/olivo-uv-180-bola-verde\\\/#primaryimage\"},\"image\":{\"@id\":\"https:\\\/\\\/www.arbolesydisenos.com\\\/index.php\\\/producto\\\/olivo-uv-180-bola-verde\\\/#primaryimage\"},\"thumbnailUrl\":\"https:\\\/\\\/www.arbolesydisenos.com\\\/wp-content\\\/uploads\\\/2026\\\/03\\\/311OLI180BV.png\",\"datePublished\":\"2026-03-18T11:17:56+00:00\",\"dateModified\":\"2026-03-24T10:54:49+00:00\",\"breadcrumb\":{\"@id\":\"https:\\\/\\\/www.arbolesydisenos.com\\\/index.php\\\/producto\\\/olivo-uv-180-bola-verde\\\/#breadcrumb\"},\"inLanguage\":\"es\",\"potentialAction\":[{\"@type\":\"ReadAction\",\"target\":[\"https:\\\/\\\/www.arbolesydisenos.com\\\/index.php\\\/producto\\\/olivo-uv-180-bola-verde\\\/\"]}]},{\"@type\":\"ImageObject\",\"inLanguage\":\"es\",\"@id\":\"https:\\\/\\\/www.arbolesydisenos.com\\\/index.php\\\/producto\\\/olivo-uv-180-bola-verde\\\/#primaryimage\",\"url\":\"https:\\\/\\\/www.arbolesydisenos.com\\\/wp-content\\\/uploads\\\/2026\\\/03\\\/311OLI180BV.png\",\"contentUrl\":\"https:\\\/\\\/www.arbolesydisenos.com\\\/wp-content\\\/uploads\\\/2026\\\/03\\\/311OLI180BV.png\",\"width\":1024,\"height\":1280},{\"@type\":\"BreadcrumbList\",\"@id\":\"https:\\\/\\\/www.arbolesydisenos.com\\\/index.php\\\/producto\\\/olivo-uv-180-bola-verde\\\/#breadcrumb\",\"itemListElement\":[{\"@type\":\"ListItem\",\"position\":1,\"name\":\"Portada\",\"item\":\"https:\\\/\\\/www.arbolesydisenos.com\\\/\"},{\"@type\":\"ListItem\",\"position\":2,\"name\":\"Tienda\",\"item\":\"https:\\\/\\\/www.arbolesydisenos.com\\\/index.php\\\/tienda\\\/\"},{\"@type\":\"ListItem\",\"position\":3,\"name\":\"OLIVO UV 180 BOLA VERDE\"}]},{\"@type\":\"WebSite\",\"@id\":\"https:\\\/\\\/www.arbolesydisenos.com\\\/#website\",\"url\":\"https:\\\/\\\/www.arbolesydisenos.com\\\/\",\"name\":\"The Golden Tree Stamp\",\"description\":\"Expertos en tecnolog\u00eda agr\u00edcola y exportaci\u00f3n de plantas\",\"publisher\":{\"@id\":\"https:\\\/\\\/www.arbolesydisenos.com\\\/#organization\"},\"potentialAction\":[{\"@type\":\"SearchAction\",\"target\":{\"@type\":\"EntryPoint\",\"urlTemplate\":\"https:\\\/\\\/www.arbolesydisenos.com\\\/?s={search_term_string}\"},\"query-input\":{\"@type\":\"PropertyValueSpecification\",\"valueRequired\":true,\"valueName\":\"search_term_string\"}}],\"inLanguage\":\"es\"},{\"@type\":\"Organization\",\"@id\":\"https:\\\/\\\/www.arbolesydisenos.com\\\/#organization\",\"name\":\"The Golden Tree Stamp\",\"url\":\"https:\\\/\\\/www.arbolesydisenos.com\\\/\",\"logo\":{\"@type\":\"ImageObject\",\"inLanguage\":\"es\",\"@id\":\"https:\\\/\\\/www.arbolesydisenos.com\\\/#\\\/schema\\\/logo\\\/image\\\/\",\"url\":\"https:\\\/\\\/www.goldentreestamp.com\\\/wp-content\\\/uploads\\\/2023\\\/03\\\/logo_nuevo_recortado.jpg\",\"contentUrl\":\"https:\\\/\\\/www.goldentreestamp.com\\\/wp-content\\\/uploads\\\/2023\\\/03\\\/logo_nuevo_recortado.jpg\",\"width\":369,\"height\":369,\"caption\":\"The Golden Tree Stamp\"},\"image\":{\"@id\":\"https:\\\/\\\/www.arbolesydisenos.com\\\/#\\\/schema\\\/logo\\\/image\\\/\"},\"sameAs\":[\"https:\\\/\\\/www.instagram.com\\\/thegoldentreestamp\",\"https:\\\/\\\/www.tiktok.com\\\/@golden.tree.stamp\"]}]}<\/script>\n<!-- \/ Yoast SEO plugin. -->","yoast_head_json":{"title":"OLIVO UV 180 BOLA VERDE - Arboles y Dise\u00f1os","robots":{"index":"index","follow":"follow","max-snippet":"max-snippet:-1","max-image-preview":"max-image-preview:large","max-video-preview":"max-video-preview:-1"},"canonical":"https:\/\/www.arbolesydisenos.com\/index.php\/producto\/olivo-uv-180-bola-verde\/","og_locale":"es_ES","og_type":"article","og_title":"OLIVO UV 180 BOLA VERDE - Arboles y Dise\u00f1os","og_description":"Contacta con nosotros y consulta nuestras tarifas exclusivas para profesionales.","og_url":"https:\/\/www.arbolesydisenos.com\/index.php\/producto\/olivo-uv-180-bola-verde\/","og_site_name":"Arboles y Dise\u00f1os","article_modified_time":"2026-03-24T10:54:49+00:00","og_image":[{"width":1024,"height":1280,"url":"https:\/\/www.arbolesydisenos.com\/wp-content\/uploads\/2026\/03\/311OLI180BV.png","type":"image\/png"}],"twitter_card":"summary_large_image","twitter_misc":{"Tiempo de lectura":"1 minuto"},"schema":{"@context":"https:\/\/schema.org","@graph":[{"@type":"WebPage","@id":"https:\/\/www.arbolesydisenos.com\/index.php\/producto\/olivo-uv-180-bola-verde\/","url":"https:\/\/www.arbolesydisenos.com\/index.php\/producto\/olivo-uv-180-bola-verde\/","name":"OLIVO UV 180 BOLA VERDE - Arboles y Dise\u00f1os","isPartOf":{"@id":"https:\/\/www.arbolesydisenos.com\/#website"},"primaryImageOfPage":{"@id":"https:\/\/www.arbolesydisenos.com\/index.php\/producto\/olivo-uv-180-bola-verde\/#primaryimage"},"image":{"@id":"https:\/\/www.arbolesydisenos.com\/index.php\/producto\/olivo-uv-180-bola-verde\/#primaryimage"},"thumbnailUrl":"https:\/\/www.arbolesydisenos.com\/wp-content\/uploads\/2026\/03\/311OLI180BV.png","datePublished":"2026-03-18T11:17:56+00:00","dateModified":"2026-03-24T10:54:49+00:00","breadcrumb":{"@id":"https:\/\/www.arbolesydisenos.com\/index.php\/producto\/olivo-uv-180-bola-verde\/#breadcrumb"},"inLanguage":"es","potentialAction":[{"@type":"ReadAction","target":["https:\/\/www.arbolesydisenos.com\/index.php\/producto\/olivo-uv-180-bola-verde\/"]}]},{"@type":"ImageObject","inLanguage":"es","@id":"https:\/\/www.arbolesydisenos.com\/index.php\/producto\/olivo-uv-180-bola-verde\/#primaryimage","url":"https:\/\/www.arbolesydisenos.com\/wp-content\/uploads\/2026\/03\/311OLI180BV.png","contentUrl":"https:\/\/www.arbolesydisenos.com\/wp-content\/uploads\/2026\/03\/311OLI180BV.png","width":1024,"height":1280},{"@type":"BreadcrumbList","@id":"https:\/\/www.arbolesydisenos.com\/index.php\/producto\/olivo-uv-180-bola-verde\/#breadcrumb","itemListElement":[{"@type":"ListItem","position":1,"name":"Portada","item":"https:\/\/www.arbolesydisenos.com\/"},{"@type":"ListItem","position":2,"name":"Tienda","item":"https:\/\/www.arbolesydisenos.com\/index.php\/tienda\/"},{"@type":"ListItem","position":3,"name":"OLIVO UV 180 BOLA VERDE"}]},{"@type":"WebSite","@id":"https:\/\/www.arbolesydisenos.com\/#website","url":"https:\/\/www.arbolesydisenos.com\/","name":"The Golden Tree Stamp","description":"Expertos en tecnolog\u00eda agr\u00edcola y exportaci\u00f3n de plantas","publisher":{"@id":"https:\/\/www.arbolesydisenos.com\/#organization"},"potentialAction":[{"@type":"SearchAction","target":{"@type":"EntryPoint","urlTemplate":"https:\/\/www.arbolesydisenos.com\/?s={search_term_string}"},"query-input":{"@type":"PropertyValueSpecification","valueRequired":true,"valueName":"search_term_string"}}],"inLanguage":"es"},{"@type":"Organization","@id":"https:\/\/www.arbolesydisenos.com\/#organization","name":"The Golden Tree Stamp","url":"https:\/\/www.arbolesydisenos.com\/","logo":{"@type":"ImageObject","inLanguage":"es","@id":"https:\/\/www.arbolesydisenos.com\/#\/schema\/logo\/image\/","url":"https:\/\/www.goldentreestamp.com\/wp-content\/uploads\/2023\/03\/logo_nuevo_recortado.jpg","contentUrl":"https:\/\/www.goldentreestamp.com\/wp-content\/uploads\/2023\/03\/logo_nuevo_recortado.jpg","width":369,"height":369,"caption":"The Golden Tree Stamp"},"image":{"@id":"https:\/\/www.arbolesydisenos.com\/#\/schema\/logo\/image\/"},"sameAs":["https:\/\/www.instagram.com\/thegoldentreestamp","https:\/\/www.tiktok.com\/@golden.tree.stamp"]}]}},"_links":{"self":[{"href":"https:\/\/www.arbolesydisenos.com\/index.php\/wp-json\/wp\/v2\/product\/1856","targetHints":{"allow":["GET"]}}],"collection":[{"href":"https:\/\/www.arbolesydisenos.com\/index.php\/wp-json\/wp\/v2\/product"}],"about":[{"href":"https:\/\/www.arbolesydisenos.com\/index.php\/wp-json\/wp\/v2\/types\/product"}],"wp:featuredmedia":[{"embeddable":true,"href":"https:\/\/www.arbolesydisenos.com\/index.php\/wp-json\/wp\/v2\/media\/1857"}],"wp:attachment":[{"href":"https:\/\/www.arbolesydisenos.com\/index.php\/wp-json\/wp\/v2\/media?parent=1856"}],"wp:term":[{"taxonomy":"product_brand","embeddable":true,"href":"https:\/\/www.arbolesydisenos.com\/index.php\/wp-json\/wp\/v2\/product_brand?post=1856"},{"taxonomy":"product_cat","embeddable":true,"href":"https:\/\/www.arbolesydisenos.com\/index.php\/wp-json\/wp\/v2\/product_cat?post=1856"},{"taxonomy":"product_tag","embeddable":true,"href":"https:\/\/www.arbolesydisenos.com\/index.php\/wp-json\/wp\/v2\/product_tag?post=1856"}],"curies":[{"name":"wp","href":"https:\/\/api.w.org\/{rel}","templated":true}]}}