{"id":1044,"date":"2024-04-08T20:43:12","date_gmt":"2024-04-08T18:43:12","guid":{"rendered":"https:\/\/www.goldentreestamp.com\/index.php\/mi-cuenta\/"},"modified":"2024-04-08T20:43:12","modified_gmt":"2024-04-08T18:43:12","slug":"mi-cuenta","status":"publish","type":"page","link":"https:\/\/www.arbolesydisenos.com\/index.php\/mi-cuenta\/","title":{"rendered":"Mi cuenta"},"content":{"rendered":"<div class=\"woocommerce\"><\/div>\n","protected":false},"excerpt":{"rendered":"<div class=\"woocommerce\"><\/div>\n","protected":false},"author":1,"featured_media":0,"parent":0,"menu_order":0,"comment_status":"closed","ping_status":"closed","template":"","meta":{"footnotes":""},"class_list":["post-1044","page","type-page","status-publish","hentry"],"yoast_head":"<!-- This site is optimized with the Yoast SEO plugin v27.3 - https:\/\/yoast.com\/product\/yoast-seo-wordpress\/ -->\n<title>Mi cuenta - Arboles y Dise\u00f1os<\/title>\n<meta name=\"robots\" content=\"index, follow, max-snippet:-1, max-image-preview:large, max-video-preview:-1\" \/>\n<link rel=\"canonical\" href=\"https:\/\/www.arbolesydisenos.com\/index.php\/mi-cuenta\/\" \/>\n<meta property=\"og:locale\" content=\"es_ES\" \/>\n<meta property=\"og:type\" content=\"article\" \/>\n<meta property=\"og:title\" content=\"Mi cuenta - Arboles y Dise\u00f1os\" \/>\n<meta property=\"og:url\" content=\"https:\/\/www.arbolesydisenos.com\/index.php\/mi-cuenta\/\" \/>\n<meta property=\"og:site_name\" content=\"Arboles y Dise\u00f1os\" \/>\n<meta name=\"twitter:card\" content=\"summary_large_image\" \/>\n<script type=\"application\/ld+json\" class=\"yoast-schema-graph\">{\"@context\":\"https:\\\/\\\/schema.org\",\"@graph\":[{\"@type\":\"WebPage\",\"@id\":\"https:\\\/\\\/www.arbolesydisenos.com\\\/index.php\\\/mi-cuenta\\\/\",\"url\":\"https:\\\/\\\/www.arbolesydisenos.com\\\/index.php\\\/mi-cuenta\\\/\",\"name\":\"Mi cuenta - Arboles y Dise\u00f1os\",\"isPartOf\":{\"@id\":\"https:\\\/\\\/www.arbolesydisenos.com\\\/#website\"},\"datePublished\":\"2024-04-08T18:43:12+00:00\",\"breadcrumb\":{\"@id\":\"https:\\\/\\\/www.arbolesydisenos.com\\\/index.php\\\/mi-cuenta\\\/#breadcrumb\"},\"inLanguage\":\"es\",\"potentialAction\":[{\"@type\":\"ReadAction\",\"target\":[\"https:\\\/\\\/www.arbolesydisenos.com\\\/index.php\\\/mi-cuenta\\\/\"]}]},{\"@type\":\"BreadcrumbList\",\"@id\":\"https:\\\/\\\/www.arbolesydisenos.com\\\/index.php\\\/mi-cuenta\\\/#breadcrumb\",\"itemListElement\":[{\"@type\":\"ListItem\",\"position\":1,\"name\":\"Portada\",\"item\":\"https:\\\/\\\/www.arbolesydisenos.com\\\/\"},{\"@type\":\"ListItem\",\"position\":2,\"name\":\"Mi cuenta\"}]},{\"@type\":\"WebSite\",\"@id\":\"https:\\\/\\\/www.arbolesydisenos.com\\\/#website\",\"url\":\"https:\\\/\\\/www.arbolesydisenos.com\\\/\",\"name\":\"The Golden Tree Stamp\",\"description\":\"Expertos en tecnolog\u00eda agr\u00edcola y exportaci\u00f3n de plantas\",\"publisher\":{\"@id\":\"https:\\\/\\\/www.arbolesydisenos.com\\\/#organization\"},\"potentialAction\":[{\"@type\":\"SearchAction\",\"target\":{\"@type\":\"EntryPoint\",\"urlTemplate\":\"https:\\\/\\\/www.arbolesydisenos.com\\\/?s={search_term_string}\"},\"query-input\":{\"@type\":\"PropertyValueSpecification\",\"valueRequired\":true,\"valueName\":\"search_term_string\"}}],\"inLanguage\":\"es\"},{\"@type\":\"Organization\",\"@id\":\"https:\\\/\\\/www.arbolesydisenos.com\\\/#organization\",\"name\":\"The Golden Tree Stamp\",\"url\":\"https:\\\/\\\/www.arbolesydisenos.com\\\/\",\"logo\":{\"@type\":\"ImageObject\",\"inLanguage\":\"es\",\"@id\":\"https:\\\/\\\/www.arbolesydisenos.com\\\/#\\\/schema\\\/logo\\\/image\\\/\",\"url\":\"https:\\\/\\\/www.goldentreestamp.com\\\/wp-content\\\/uploads\\\/2023\\\/03\\\/logo_nuevo_recortado.jpg\",\"contentUrl\":\"https:\\\/\\\/www.goldentreestamp.com\\\/wp-content\\\/uploads\\\/2023\\\/03\\\/logo_nuevo_recortado.jpg\",\"width\":369,\"height\":369,\"caption\":\"The Golden Tree Stamp\"},\"image\":{\"@id\":\"https:\\\/\\\/www.arbolesydisenos.com\\\/#\\\/schema\\\/logo\\\/image\\\/\"},\"sameAs\":[\"https:\\\/\\\/www.instagram.com\\\/thegoldentreestamp\",\"https:\\\/\\\/www.tiktok.com\\\/@golden.tree.stamp\"]}]}<\/script>\n<!-- \/ Yoast SEO plugin. -->","yoast_head_json":{"title":"Mi cuenta - Arboles y Dise\u00f1os","robots":{"index":"index","follow":"follow","max-snippet":"max-snippet:-1","max-image-preview":"max-image-preview:large","max-video-preview":"max-video-preview:-1"},"canonical":"https:\/\/www.arbolesydisenos.com\/index.php\/mi-cuenta\/","og_locale":"es_ES","og_type":"article","og_title":"Mi cuenta - Arboles y Dise\u00f1os","og_url":"https:\/\/www.arbolesydisenos.com\/index.php\/mi-cuenta\/","og_site_name":"Arboles y Dise\u00f1os","twitter_card":"summary_large_image","schema":{"@context":"https:\/\/schema.org","@graph":[{"@type":"WebPage","@id":"https:\/\/www.arbolesydisenos.com\/index.php\/mi-cuenta\/","url":"https:\/\/www.arbolesydisenos.com\/index.php\/mi-cuenta\/","name":"Mi cuenta - Arboles y Dise\u00f1os","isPartOf":{"@id":"https:\/\/www.arbolesydisenos.com\/#website"},"datePublished":"2024-04-08T18:43:12+00:00","breadcrumb":{"@id":"https:\/\/www.arbolesydisenos.com\/index.php\/mi-cuenta\/#breadcrumb"},"inLanguage":"es","potentialAction":[{"@type":"ReadAction","target":["https:\/\/www.arbolesydisenos.com\/index.php\/mi-cuenta\/"]}]},{"@type":"BreadcrumbList","@id":"https:\/\/www.arbolesydisenos.com\/index.php\/mi-cuenta\/#breadcrumb","itemListElement":[{"@type":"ListItem","position":1,"name":"Portada","item":"https:\/\/www.arbolesydisenos.com\/"},{"@type":"ListItem","position":2,"name":"Mi cuenta"}]},{"@type":"WebSite","@id":"https:\/\/www.arbolesydisenos.com\/#website","url":"https:\/\/www.arbolesydisenos.com\/","name":"The Golden Tree Stamp","description":"Expertos en tecnolog\u00eda agr\u00edcola y exportaci\u00f3n de plantas","publisher":{"@id":"https:\/\/www.arbolesydisenos.com\/#organization"},"potentialAction":[{"@type":"SearchAction","target":{"@type":"EntryPoint","urlTemplate":"https:\/\/www.arbolesydisenos.com\/?s={search_term_string}"},"query-input":{"@type":"PropertyValueSpecification","valueRequired":true,"valueName":"search_term_string"}}],"inLanguage":"es"},{"@type":"Organization","@id":"https:\/\/www.arbolesydisenos.com\/#organization","name":"The Golden Tree Stamp","url":"https:\/\/www.arbolesydisenos.com\/","logo":{"@type":"ImageObject","inLanguage":"es","@id":"https:\/\/www.arbolesydisenos.com\/#\/schema\/logo\/image\/","url":"https:\/\/www.goldentreestamp.com\/wp-content\/uploads\/2023\/03\/logo_nuevo_recortado.jpg","contentUrl":"https:\/\/www.goldentreestamp.com\/wp-content\/uploads\/2023\/03\/logo_nuevo_recortado.jpg","width":369,"height":369,"caption":"The Golden Tree Stamp"},"image":{"@id":"https:\/\/www.arbolesydisenos.com\/#\/schema\/logo\/image\/"},"sameAs":["https:\/\/www.instagram.com\/thegoldentreestamp","https:\/\/www.tiktok.com\/@golden.tree.stamp"]}]}},"_links":{"self":[{"href":"https:\/\/www.arbolesydisenos.com\/index.php\/wp-json\/wp\/v2\/pages\/1044","targetHints":{"allow":["GET"]}}],"collection":[{"href":"https:\/\/www.arbolesydisenos.com\/index.php\/wp-json\/wp\/v2\/pages"}],"about":[{"href":"https:\/\/www.arbolesydisenos.com\/index.php\/wp-json\/wp\/v2\/types\/page"}],"author":[{"embeddable":true,"href":"https:\/\/www.arbolesydisenos.com\/index.php\/wp-json\/wp\/v2\/users\/1"}],"replies":[{"embeddable":true,"href":"https:\/\/www.arbolesydisenos.com\/index.php\/wp-json\/wp\/v2\/comments?post=1044"}],"version-history":[{"count":0,"href":"https:\/\/www.arbolesydisenos.com\/index.php\/wp-json\/wp\/v2\/pages\/1044\/revisions"}],"wp:attachment":[{"href":"https:\/\/www.arbolesydisenos.com\/index.php\/wp-json\/wp\/v2\/media?parent=1044"}],"curies":[{"name":"wp","href":"https:\/\/api.w.org\/{rel}","templated":true}]}}